{"id":11162,"date":"2023-07-25T14:54:19","date_gmt":"2023-07-25T18:54:19","guid":{"rendered":"https:\/\/christinetassan.com\/nouvelles\/"},"modified":"2023-11-16T13:33:27","modified_gmt":"2023-11-16T18:33:27","slug":"news","status":"publish","type":"page","link":"https:\/\/christinetassan.com\/en\/news\/","title":{"rendered":"News"},"content":{"rendered":"\t\t<div data-elementor-type=\"wp-page\" data-elementor-id=\"11162\" class=\"elementor elementor-11162 elementor-9049\" data-elementor-post-type=\"page\">\n\t\t\t\t<div class=\"elementor-element elementor-element-7a98d162 e-flex e-con-boxed e-con e-parent\" data-id=\"7a98d162\" data-element_type=\"container\" data-settings=\"{&quot;background_background&quot;:&quot;classic&quot;}\">\n\t\t\t\t\t<div class=\"e-con-inner\">\n\t\t\t\t<div class=\"elementor-element elementor-element-290e6c72 elementor-widget-divider--view-line elementor-widget elementor-widget-divider\" data-id=\"290e6c72\" data-element_type=\"widget\" data-widget_type=\"divider.default\">\n\t\t\t\t<div class=\"elementor-widget-container\">\n\t\t\t\t\t\t\t<div class=\"elementor-divider\">\n\t\t\t<span class=\"elementor-divider-separator\">\n\t\t\t\t\t\t<\/span>\n\t\t<\/div>\n\t\t\t\t\t\t<\/div>\n\t\t\t\t<\/div>\n\t\t\t\t\t<\/div>\n\t\t\t\t<\/div>\n\t\t<div class=\"elementor-element elementor-element-f2ee329 e-flex e-con-boxed e-con e-parent\" data-id=\"f2ee329\" data-element_type=\"container\" data-settings=\"{&quot;background_background&quot;:&quot;classic&quot;}\">\n\t\t\t\t\t<div class=\"e-con-inner\">\n\t\t\t\t<div class=\"elementor-element elementor-element-c39ce7a elementor-grid-1 elementor-posts--thumbnail-left elementor-grid-tablet-1 elementor-grid-mobile-1 elementor-widget elementor-widget-posts\" data-id=\"c39ce7a\" data-element_type=\"widget\" data-settings=\"{&quot;classic_columns&quot;:&quot;1&quot;,&quot;pagination_type&quot;:&quot;prev_next&quot;,&quot;classic_columns_tablet&quot;:&quot;1&quot;,&quot;classic_columns_mobile&quot;:&quot;1&quot;,&quot;classic_row_gap&quot;:{&quot;unit&quot;:&quot;px&quot;,&quot;size&quot;:35,&quot;sizes&quot;:[]},&quot;classic_row_gap_tablet&quot;:{&quot;unit&quot;:&quot;px&quot;,&quot;size&quot;:&quot;&quot;,&quot;sizes&quot;:[]},&quot;classic_row_gap_mobile&quot;:{&quot;unit&quot;:&quot;px&quot;,&quot;size&quot;:&quot;&quot;,&quot;sizes&quot;:[]}}\" data-widget_type=\"posts.classic\">\n\t\t\t\t<div class=\"elementor-widget-container\">\n\t\t\t\t\t\t\t<div class=\"elementor-posts-container elementor-posts elementor-posts--skin-classic elementor-grid\">\n\t\t\t\t<article class=\"elementor-post elementor-grid-item post-13672 post type-post status-publish format-standard has-post-thumbnail hentry category-nouvelles-en\">\n\t\t\t\t<a class=\"elementor-post__thumbnail__link\" href=\"https:\/\/christinetassan.com\/en\/tour-in-alberta-and-british-columbia-in-april\/\" tabindex=\"-1\" >\n\t\t\t<div class=\"elementor-post__thumbnail\"><img fetchpriority=\"high\" decoding=\"async\" width=\"1000\" height=\"370\" src=\"https:\/\/christinetassan.com\/wp-content\/uploads\/2026\/04\/Alberta-BC-Horizontale-CTI-2-LowRes.jpeg\" class=\"attachment-full size-full wp-image-13662\" alt=\"\" srcset=\"https:\/\/christinetassan.com\/wp-content\/uploads\/2026\/04\/Alberta-BC-Horizontale-CTI-2-LowRes.jpeg 1000w, https:\/\/christinetassan.com\/wp-content\/uploads\/2026\/04\/Alberta-BC-Horizontale-CTI-2-LowRes-300x111.jpeg 300w, https:\/\/christinetassan.com\/wp-content\/uploads\/2026\/04\/Alberta-BC-Horizontale-CTI-2-LowRes-768x284.jpeg 768w\" sizes=\"(max-width: 1000px) 100vw, 1000px\" \/><\/div>\n\t\t<\/a>\n\t\t\t\t<div class=\"elementor-post__text\">\n\t\t\t\t<h2 class=\"elementor-post__title\">\n\t\t\t<a href=\"https:\/\/christinetassan.com\/en\/tour-in-alberta-and-british-columbia-in-april\/\" >\n\t\t\t\tTour in Alberta and British Columbia in April!\t\t\t<\/a>\n\t\t<\/h2>\n\t\t\t\t<div class=\"elementor-post__meta-data\">\n\t\t\t\t\t<span class=\"elementor-post-date\">\n\t\t\tApril 14, 2026\t\t<\/span>\n\t\t\t\t<\/div>\n\t\t\t\t<div class=\"elementor-post__excerpt\">\n\t\t\t<p>We\u2019re back on the road for a tour of 7 concert hall performances and 11 school shows with my gypsy jazz band, Christine Tassan and the Imposteures! From April 16 to 26, the group will perform in St. Albert (Edmonton), Bonnyville, then Campbell River, Port Hardy, Maple Ridge, and at the Kelowna Maple Festival. On the road again! I\u2019d also like to take this opportunity to introduce the group\u2019s two new members: Francis T\u00e9tu on guitar and Mathieu Gagn\u00e9 on double bass. Follow us on:https:\/\/www.facebook.com\/ChristineTassanMusic\/ Concert details:https:\/\/christinetassan.com\/concerts\/<\/p>\n\t\t<\/div>\n\t\t\n\t\t<a class=\"elementor-post__read-more\" href=\"https:\/\/christinetassan.com\/en\/tour-in-alberta-and-british-columbia-in-april\/\" aria-label=\"Read more about Tour in Alberta and British Columbia in April!\" tabindex=\"-1\" >\n\t\t\tLire la suite \u00bb\t\t<\/a>\n\n\t\t\t\t<\/div>\n\t\t\t\t<\/article>\n\t\t\t\t<article class=\"elementor-post elementor-grid-item post-13654 post type-post status-publish format-standard has-post-thumbnail hentry category-nouvelles-en\">\n\t\t\t\t<a class=\"elementor-post__thumbnail__link\" href=\"https:\/\/christinetassan.com\/en\/the-year-2026-begins-with-a-tour-in-ontario-and-the-united-states\/\" tabindex=\"-1\" >\n\t\t\t<div class=\"elementor-post__thumbnail\"><img decoding=\"async\" width=\"1000\" height=\"370\" src=\"https:\/\/christinetassan.com\/wp-content\/uploads\/2026\/01\/Horizontale-Avec-dates-LowRes.jpeg\" class=\"attachment-full size-full wp-image-13651\" alt=\"\" srcset=\"https:\/\/christinetassan.com\/wp-content\/uploads\/2026\/01\/Horizontale-Avec-dates-LowRes.jpeg 1000w, https:\/\/christinetassan.com\/wp-content\/uploads\/2026\/01\/Horizontale-Avec-dates-LowRes-300x111.jpeg 300w, https:\/\/christinetassan.com\/wp-content\/uploads\/2026\/01\/Horizontale-Avec-dates-LowRes-768x284.jpeg 768w\" sizes=\"(max-width: 1000px) 100vw, 1000px\" \/><\/div>\n\t\t<\/a>\n\t\t\t\t<div class=\"elementor-post__text\">\n\t\t\t\t<h2 class=\"elementor-post__title\">\n\t\t\t<a href=\"https:\/\/christinetassan.com\/en\/the-year-2026-begins-with-a-tour-in-ontario-and-the-united-states\/\" >\n\t\t\t\tThe year 2026 begins with a tour in Ontario and the United States\t\t\t<\/a>\n\t\t<\/h2>\n\t\t\t\t<div class=\"elementor-post__meta-data\">\n\t\t\t\t\t<span class=\"elementor-post-date\">\n\t\t\tJanuary 17, 2026\t\t<\/span>\n\t\t\t\t<\/div>\n\t\t\t\t<div class=\"elementor-post__excerpt\">\n\t\t\t<p>With my gypsy jazz band, Christine Tassan et les Imposteures, I\u2019m heading out once again on a wonderful tour, with concerts in Ontario followed by shows in the United States in January and February, taking us all the way to New York! From January 22 to February 1, the band will perform in Ontario in Kingston and London,then we\u2019ll cross the border to play at the Midwest Gypsy Swing Fest in Madison, Findlay, Portsmouth, Cleveland, Rochester and Wolfboro. After returning to Montreal, we\u2019ll continue our journey with a show at the Barb\u00e8s jazz club in New York (February 7), followed by concerts in Middlebury (February 8) and Sunapee (February 14).<\/p>\n\t\t<\/div>\n\t\t\n\t\t<a class=\"elementor-post__read-more\" href=\"https:\/\/christinetassan.com\/en\/the-year-2026-begins-with-a-tour-in-ontario-and-the-united-states\/\" aria-label=\"Read more about The year 2026 begins with a tour in Ontario and the United States\" tabindex=\"-1\" >\n\t\t\tLire la suite \u00bb\t\t<\/a>\n\n\t\t\t\t<\/div>\n\t\t\t\t<\/article>\n\t\t\t\t<article class=\"elementor-post elementor-grid-item post-13602 post type-post status-publish format-standard has-post-thumbnail hentry category-nouvelles-en\">\n\t\t\t\t<a class=\"elementor-post__thumbnail__link\" href=\"https:\/\/christinetassan.com\/en\/the-concerts-start-again-in-september-in-quebec-and-in-the-united-states\/\" tabindex=\"-1\" >\n\t\t\t<div class=\"elementor-post__thumbnail\"><img decoding=\"async\" width=\"851\" height=\"315\" src=\"https:\/\/christinetassan.com\/wp-content\/uploads\/2025\/09\/CTI-US-tour-Horizontale.jpg\" class=\"attachment-full size-full wp-image-13594\" alt=\"\" srcset=\"https:\/\/christinetassan.com\/wp-content\/uploads\/2025\/09\/CTI-US-tour-Horizontale.jpg 851w, https:\/\/christinetassan.com\/wp-content\/uploads\/2025\/09\/CTI-US-tour-Horizontale-300x111.jpg 300w, https:\/\/christinetassan.com\/wp-content\/uploads\/2025\/09\/CTI-US-tour-Horizontale-768x284.jpg 768w\" sizes=\"(max-width: 851px) 100vw, 851px\" \/><\/div>\n\t\t<\/a>\n\t\t\t\t<div class=\"elementor-post__text\">\n\t\t\t\t<h2 class=\"elementor-post__title\">\n\t\t\t<a href=\"https:\/\/christinetassan.com\/en\/the-concerts-start-again-in-september-in-quebec-and-in-the-united-states\/\" >\n\t\t\t\tThe concerts start again in September: in Quebec and in the United States\t\t\t<\/a>\n\t\t<\/h2>\n\t\t\t\t<div class=\"elementor-post__meta-data\">\n\t\t\t\t\t<span class=\"elementor-post-date\">\n\t\t\tSeptember 6, 2025\t\t<\/span>\n\t\t\t\t<\/div>\n\t\t\t\t<div class=\"elementor-post__excerpt\">\n\t\t\t<p>In September, concerts pick up again with renewed energy for guitarist and singer Christine Tassan. In Quebec, she will perform in duo with violinist Martine Gaumond at Place Lagny in Ste-Agathe-des-Monts (Sept 6) and at Domaine Trinity in St-Jean-sur-Richelieu for the Symposium des Arts du Haut-Richelieu (Sept 7). She is relaunching her \u201cAp\u00e9ro-Jazz Thursdays\u201d series at La Brass\u00e9e with guitarist Ron Ledoux (Sept 11). Come enjoy this friendly caf\u00e9, restaurant, and performance venue located across from Parc Molson (Rosemont, Montreal). She will also be the guest of guitarist Fran\u00e7ois Ouimet at La Petite Marche (Sept 12). On Sept 14, she will represent the guitars of luthier Th\u00e9o Kazourian at the<\/p>\n\t\t<\/div>\n\t\t\n\t\t<a class=\"elementor-post__read-more\" href=\"https:\/\/christinetassan.com\/en\/the-concerts-start-again-in-september-in-quebec-and-in-the-united-states\/\" aria-label=\"Read more about The concerts start again in September: in Quebec and in the United States\" tabindex=\"-1\" >\n\t\t\tLire la suite \u00bb\t\t<\/a>\n\n\t\t\t\t<\/div>\n\t\t\t\t<\/article>\n\t\t\t\t<article class=\"elementor-post elementor-grid-item post-13580 post type-post status-publish format-standard has-post-thumbnail hentry category-nouvelles-en\">\n\t\t\t\t<a class=\"elementor-post__thumbnail__link\" href=\"https:\/\/christinetassan.com\/en\/bruissements-in-the-finals-of-unsigned-only-music-awards\/\" tabindex=\"-1\" >\n\t\t\t<div class=\"elementor-post__thumbnail\"><img loading=\"lazy\" decoding=\"async\" width=\"500\" height=\"500\" src=\"https:\/\/christinetassan.com\/wp-content\/uploads\/2025\/08\/UO2025_Fan.png\" class=\"attachment-full size-full wp-image-13574\" alt=\"\" srcset=\"https:\/\/christinetassan.com\/wp-content\/uploads\/2025\/08\/UO2025_Fan.png 500w, https:\/\/christinetassan.com\/wp-content\/uploads\/2025\/08\/UO2025_Fan-300x300.png 300w, https:\/\/christinetassan.com\/wp-content\/uploads\/2025\/08\/UO2025_Fan-150x150.png 150w\" sizes=\"(max-width: 500px) 100vw, 500px\" \/><\/div>\n\t\t<\/a>\n\t\t\t\t<div class=\"elementor-post__text\">\n\t\t\t\t<h2 class=\"elementor-post__title\">\n\t\t\t<a href=\"https:\/\/christinetassan.com\/en\/bruissements-in-the-finals-of-unsigned-only-music-awards\/\" >\n\t\t\t\t&#8220;Bruissements&#8221; in the finals of Unsigned Only Music Awards\t\t\t<\/a>\n\t\t<\/h2>\n\t\t\t\t<div class=\"elementor-post__meta-data\">\n\t\t\t\t\t<span class=\"elementor-post-date\">\n\t\t\tAugust 8, 2025\t\t<\/span>\n\t\t\t\t<\/div>\n\t\t\t\t<div class=\"elementor-post__excerpt\">\n\t\t\t<p>Our composition Bruissements from the album Bruissement bor\u00e9al of Marie-V\u00e9ronique Bourque et Christine Tassan is in the FINAL of the Unsigned Only Music Awards! That&#8217;s great! We need you to win the grand prize in the JAZZ category! Here is the link to vote. You can vote once a day by August 27, 2025. Put your alarms on your cellphones! We are counting on you! THANKS FOR SHARING VOTE FOR BRUISSEMENTS !<\/p>\n\t\t<\/div>\n\t\t\n\t\t<a class=\"elementor-post__read-more\" href=\"https:\/\/christinetassan.com\/en\/bruissements-in-the-finals-of-unsigned-only-music-awards\/\" aria-label=\"Read more about &#8220;Bruissements&#8221; in the finals of Unsigned Only Music Awards\" tabindex=\"-1\" >\n\t\t\tLire la suite \u00bb\t\t<\/a>\n\n\t\t\t\t<\/div>\n\t\t\t\t<\/article>\n\t\t\t\t<article class=\"elementor-post elementor-grid-item post-13552 post type-post status-publish format-standard has-post-thumbnail hentry category-nouvelles-en\">\n\t\t\t\t<a class=\"elementor-post__thumbnail__link\" href=\"https:\/\/christinetassan.com\/en\/a-beautiful-musical-summer\/\" tabindex=\"-1\" >\n\t\t\t<div class=\"elementor-post__thumbnail\"><img loading=\"lazy\" decoding=\"async\" width=\"500\" height=\"500\" src=\"https:\/\/christinetassan.com\/wp-content\/uploads\/2025\/06\/SUMMER-ETE-2025.jpg\" class=\"attachment-full size-full wp-image-13558\" alt=\"\" srcset=\"https:\/\/christinetassan.com\/wp-content\/uploads\/2025\/06\/SUMMER-ETE-2025.jpg 500w, https:\/\/christinetassan.com\/wp-content\/uploads\/2025\/06\/SUMMER-ETE-2025-300x300.jpg 300w, https:\/\/christinetassan.com\/wp-content\/uploads\/2025\/06\/SUMMER-ETE-2025-150x150.jpg 150w\" sizes=\"(max-width: 500px) 100vw, 500px\" \/><\/div>\n\t\t<\/a>\n\t\t\t\t<div class=\"elementor-post__text\">\n\t\t\t\t<h2 class=\"elementor-post__title\">\n\t\t\t<a href=\"https:\/\/christinetassan.com\/en\/a-beautiful-musical-summer\/\" >\n\t\t\t\tA beautiful musical summer 2025!\t\t\t<\/a>\n\t\t<\/h2>\n\t\t\t\t<div class=\"elementor-post__meta-data\">\n\t\t\t\t\t<span class=\"elementor-post-date\">\n\t\t\tJune 23, 2025\t\t<\/span>\n\t\t\t\t<\/div>\n\t\t\t\t<div class=\"elementor-post__excerpt\">\n\t\t\t<p>It\u2019s a beautiful musical summer ahead for the singer and guitarist Christine Tassan! With her Gypsy jazz band, Christine Tassan et les Imposteures, you will find her on the roads of Quebec and the United States, with multiple concerts on the American east coast. Her brand new project Bruissement bor\u00e9al, with flutist Marie-V\u00e9ronique Bourque, will be presented three times in the Montreal region. And she will also be performing with other musical groups throughout the summer! A happy musical summer to all! All details on the concerts page.<\/p>\n\t\t<\/div>\n\t\t\n\t\t<a class=\"elementor-post__read-more\" href=\"https:\/\/christinetassan.com\/en\/a-beautiful-musical-summer\/\" aria-label=\"Read more about A beautiful musical summer 2025!\" tabindex=\"-1\" >\n\t\t\tLire la suite \u00bb\t\t<\/a>\n\n\t\t\t\t<\/div>\n\t\t\t\t<\/article>\n\t\t\t\t<article class=\"elementor-post elementor-grid-item post-13489 post type-post status-publish format-standard has-post-thumbnail hentry category-nouvelles-en\">\n\t\t\t\t<a class=\"elementor-post__thumbnail__link\" href=\"https:\/\/christinetassan.com\/en\/christine-tassan-participates-to-ceci-est-un-album-de-guitare\/\" tabindex=\"-1\" >\n\t\t\t<div class=\"elementor-post__thumbnail\"><img loading=\"lazy\" decoding=\"async\" width=\"360\" height=\"360\" src=\"https:\/\/christinetassan.com\/wp-content\/uploads\/2025\/05\/Pochette-Ceci-est-un-album-de-guitare.jpeg\" class=\"attachment-full size-full wp-image-13481\" alt=\"\" srcset=\"https:\/\/christinetassan.com\/wp-content\/uploads\/2025\/05\/Pochette-Ceci-est-un-album-de-guitare.jpeg 360w, https:\/\/christinetassan.com\/wp-content\/uploads\/2025\/05\/Pochette-Ceci-est-un-album-de-guitare-300x300.jpeg 300w, https:\/\/christinetassan.com\/wp-content\/uploads\/2025\/05\/Pochette-Ceci-est-un-album-de-guitare-150x150.jpeg 150w\" sizes=\"(max-width: 360px) 100vw, 360px\" \/><\/div>\n\t\t<\/a>\n\t\t\t\t<div class=\"elementor-post__text\">\n\t\t\t\t<h2 class=\"elementor-post__title\">\n\t\t\t<a href=\"https:\/\/christinetassan.com\/en\/christine-tassan-participates-to-ceci-est-un-album-de-guitare\/\" >\n\t\t\t\tChristine Tassan participates to &#8220;Ceci est un album de guitare&#8221;\t\t\t<\/a>\n\t\t<\/h2>\n\t\t\t\t<div class=\"elementor-post__meta-data\">\n\t\t\t\t\t<span class=\"elementor-post-date\">\n\t\t\tMay 23, 2025\t\t<\/span>\n\t\t\t\t<\/div>\n\t\t\t\t<div class=\"elementor-post__excerpt\">\n\t\t\t<p>Christine Tassan is very happy to have participated in Ceci est un album de guitare. You can hear the guitarist playing &#8220;Bon voyage, Sylvain&#8221;, a composition she wrote in tribute to the guitarist Sylvain Luc who died prematurely in March 2024 and which was a great inspiration for Christine. Produced by Marc P\u00e9russe, Ceci est un album de guitare brings together 17 string virtuosos from Quebec, each of whom wrote and performed a composition specially for the occasion Michel Cusson, Steve Hill, Salom\u00e9 Leclerc, Luc de Larochelli\u00e8re, Jordan Officer, Ivan Boivin-Flamand, Christine Tassan, \u00c9ric Goulet, Jocelyn Tellier, Marie Claudel, David Laf\u00e8che, Dimitri LeBel-Alexandre, Jeff Smallwood, Jean-Fran\u00e7ois Beaudet, Marc P\u00e9russe, Marc<\/p>\n\t\t<\/div>\n\t\t\n\t\t<a class=\"elementor-post__read-more\" href=\"https:\/\/christinetassan.com\/en\/christine-tassan-participates-to-ceci-est-un-album-de-guitare\/\" aria-label=\"Read more about Christine Tassan participates to &#8220;Ceci est un album de guitare&#8221;\" tabindex=\"-1\" >\n\t\t\tLire la suite \u00bb\t\t<\/a>\n\n\t\t\t\t<\/div>\n\t\t\t\t<\/article>\n\t\t\t\t<\/div>\n\t\t\n\t\t\t\t<div class=\"e-load-more-anchor\" data-page=\"1\" data-max-page=\"4\" data-next-page=\"https:\/\/christinetassan.com\/en\/wp-json\/wp\/v2\/pages\/11162\/page\/2\/\"><\/div>\n\t\t\t\t<nav class=\"elementor-pagination\" aria-label=\"Pagination\">\n\t\t\t<span class=\"page-numbers prev\">&laquo; Pr\u00e9c\u00e9dent<\/span>\n<a class=\"page-numbers next\" href=\"https:\/\/christinetassan.com\/en\/wp-json\/wp\/v2\/pages\/11162\/page\/2\/\">Suivant &raquo;<\/a>\t\t<\/nav>\n\t\t\t\t\t\t<\/div>\n\t\t\t\t<\/div>\n\t\t\t\t\t<\/div>\n\t\t\t\t<\/div>\n\t\t\t\t<\/div>\n\t\t","protected":false},"excerpt":{"rendered":"","protected":false},"author":2,"featured_media":0,"parent":0,"menu_order":0,"comment_status":"closed","ping_status":"closed","template":"","meta":{"site-sidebar-layout":"no-sidebar","site-content-layout":"page-builder","ast-site-content-layout":"full-width-container","site-content-style":"unboxed","site-sidebar-style":"unboxed","ast-global-header-display":"","ast-banner-title-visibility":"","ast-main-header-display":"","ast-hfb-above-header-display":"","ast-hfb-below-header-display":"","ast-hfb-mobile-header-display":"","site-post-title":"disabled","ast-breadcrumbs-content":"","ast-featured-img":"disabled","footer-sml-layout":"","ast-disable-related-posts":"","theme-transparent-header-meta":"","adv-header-id-meta":"","stick-header-meta":"","header-above-stick-meta":"","header-main-stick-meta":"","header-below-stick-meta":"","astra-migrate-meta-layouts":"set","ast-page-background-enabled":"default","ast-page-background-meta":{"desktop":{"background-color":"var(--ast-global-color-4)","background-image":"","background-repeat":"repeat","background-position":"center center","background-size":"auto","background-attachment":"scroll","background-type":"","background-media":"","overlay-type":"","overlay-color":"","overlay-opacity":"","overlay-gradient":""},"tablet":{"background-color":"","background-image":"","background-repeat":"repeat","background-position":"center center","background-size":"auto","background-attachment":"scroll","background-type":"","background-media":"","overlay-type":"","overlay-color":"","overlay-opacity":"","overlay-gradient":""},"mobile":{"background-color":"","background-image":"","background-repeat":"repeat","background-position":"center center","background-size":"auto","background-attachment":"scroll","background-type":"","background-media":"","overlay-type":"","overlay-color":"","overlay-opacity":"","overlay-gradient":""}},"ast-content-background-meta":{"desktop":{"background-color":"var(--ast-global-color-5)","background-image":"","background-repeat":"repeat","background-position":"center center","background-size":"auto","background-attachment":"scroll","background-type":"","background-media":"","overlay-type":"","overlay-color":"","overlay-opacity":"","overlay-gradient":""},"tablet":{"background-color":"var(--ast-global-color-5)","background-image":"","background-repeat":"repeat","background-position":"center center","background-size":"auto","background-attachment":"scroll","background-type":"","background-media":"","overlay-type":"","overlay-color":"","overlay-opacity":"","overlay-gradient":""},"mobile":{"background-color":"var(--ast-global-color-5)","background-image":"","background-repeat":"repeat","background-position":"center center","background-size":"auto","background-attachment":"scroll","background-type":"","background-media":"","overlay-type":"","overlay-color":"","overlay-opacity":"","overlay-gradient":""}},"footnotes":""},"class_list":["post-11162","page","type-page","status-publish","hentry"],"_links":{"self":[{"href":"https:\/\/christinetassan.com\/en\/wp-json\/wp\/v2\/pages\/11162","targetHints":{"allow":["GET"]}}],"collection":[{"href":"https:\/\/christinetassan.com\/en\/wp-json\/wp\/v2\/pages"}],"about":[{"href":"https:\/\/christinetassan.com\/en\/wp-json\/wp\/v2\/types\/page"}],"author":[{"embeddable":true,"href":"https:\/\/christinetassan.com\/en\/wp-json\/wp\/v2\/users\/2"}],"replies":[{"embeddable":true,"href":"https:\/\/christinetassan.com\/en\/wp-json\/wp\/v2\/comments?post=11162"}],"version-history":[{"count":4,"href":"https:\/\/christinetassan.com\/en\/wp-json\/wp\/v2\/pages\/11162\/revisions"}],"predecessor-version":[{"id":11950,"href":"https:\/\/christinetassan.com\/en\/wp-json\/wp\/v2\/pages\/11162\/revisions\/11950"}],"wp:attachment":[{"href":"https:\/\/christinetassan.com\/en\/wp-json\/wp\/v2\/media?parent=11162"}],"curies":[{"name":"wp","href":"https:\/\/api.w.org\/{rel}","templated":true}]}}